{"id":44,"date":"2019-05-24T10:00:00","date_gmt":"2019-05-24T08:00:00","guid":{"rendered":"http:\/\/wp13410784.server-he.de\/?page_id=44"},"modified":"2019-09-15T14:14:17","modified_gmt":"2019-09-15T12:14:17","slug":"impressum-sophistique","status":"publish","type":"page","link":"https:\/\/ktinka.com\/?page_id=44","title":{"rendered":"Impressum"},"content":{"rendered":"<div style=\"font-stretch: normal; line-height: normal;\">\n<div class=\"wpb_text_column wpb_content_element  vc_custom_1473422345915 futura\" style=\"box-sizing: border-box; color: #141414; margin-bottom: 15px;\">\n<div class=\"wpb_wrapper\" style=\"box-sizing: border-box; margin-bottom: 0px;\">\n<div style=\"box-sizing: border-box; font-family: Georgia, serif; font-size: 18px; max-width: 100%; text-align: center;\">\n<strong style=\"box-sizing: border-box; margin-bottom: 0px;\"><\/strong><\/div>\n<p><span style=\"font-family: inherit;\"><span style=\"font-weight: normal;\"><span style=\"box-sizing: border-box;\"><b><br \/><\/b><\/span><\/span><\/span><br \/>\n<span style=\"font-family: inherit;\"><span style=\"font-weight: normal;\"><span style=\"box-sizing: border-box;\"><b><br \/><\/b><\/span><\/span><\/span><br \/>\n<span style=\"font-family: inherit;\"><span style=\"font-weight: normal;\"><span style=\"box-sizing: border-box;\"><b>POSTADRESSE&nbsp;<\/b><\/span><\/span><\/span><br \/>\n<span style=\"font-family: inherit;\"><span style=\"font-size: small; font-weight: normal;\"><span style=\"box-sizing: border-box;\"><br \/><\/span><\/span><br \/>\n<span style=\"font-size: normal; font-weight: normal;\"><span style=\"box-sizing: border-box;\"><span style=\"font-family: inherit;\">ktinka<\/span> \/&nbsp;<\/span><\/span><span style=\"font-family: inherit;\">Katharina Siekmann<\/span><\/span><br \/>\n<span style=\"font-size: normal; font-weight: normal;\"><span style=\"box-sizing: border-box; font-family: inherit;\">Engerstra\u00dfe 32<\/span><\/span><br \/>\n<span style=\"font-family: inherit;\">32120 Hiddenhausen<\/span><\/p>\n<div style=\"box-sizing: border-box; font-family: Georgia, serif; font-size: 18px; max-width: 100%; text-align: center;\">\n<strong style=\"box-sizing: border-box; margin-bottom: 0px;\"><br \/><\/strong><\/div>\n<div style=\"box-sizing: border-box; font-family: Georgia, serif; font-size: 18px; max-width: 100%; text-align: center;\">\n<strong style=\"box-sizing: border-box; margin-bottom: 0px;\"><br \/><\/strong><\/div>\n<div style=\"box-sizing: border-box; max-width: 100%; text-align: center;\">\n<div style=\"text-align: left;\">\n<strong style=\"box-sizing: border-box; margin-bottom: 0px;\"><span style=\"font-family: inherit;\">ALLGEMEINES<\/span><\/strong><\/div>\n<\/div>\n<\/div>\n<\/div>\n<div class=\"wpb_text_column wpb_content_element \" style=\"box-sizing: border-box; margin-bottom: 35px;\">\n<div class=\"wpb_wrapper\" style=\"box-sizing: border-box; margin-bottom: 0px;\">\n<div style=\"box-sizing: border-box; margin-bottom: 10px; max-width: 100%; text-align: center;\">\n<div style=\"color: #141414; text-align: left;\">\n<span style=\"font-family: inherit;\">Verantwortlich gem\u00e4\u00df \u00a7 55 Abs. 2 RStV:<\/span><\/div>\n<div style=\"color: #141414; text-align: left;\">\n<span style=\"font-family: inherit;\">Katharina Siekmann.&nbsp;<\/span><br \/>\n<span style=\"font-family: inherit;\"><br \/><\/span><br \/>\n<span style=\"font-family: inherit;\">Hier geht es zu den<\/span><\/div>\n<div style=\"text-align: left;\">\n<span style=\"font-family: inherit;\"><a href=\"https:\/\/www.ktinka.com\/p\/sophistique-datenschutzerklaerung.html\" rel=\"nofollow\" style=\"box-sizing: border-box; margin-bottom: 0px; outline: none; text-decoration: none;\"><span style=\"color: #444444;\">Datenschutzbestimmungen<\/span><\/a><span style=\"color: #141414;\">.<\/span><\/span><\/div>\n<\/div>\n<div style=\"box-sizing: border-box; color: #141414; max-width: 100%; text-align: center;\">\n<div style=\"text-align: left;\">\n<span style=\"font-family: inherit;\">Nutzung unserer eigenen Bilder:<\/span><\/div>\n<div style=\"text-align: left;\">\n<span style=\"font-family: inherit;\">Immer mit Credit &amp; aktivem Link auf<\/span><\/div>\n<div style=\"text-align: left;\">\n<span style=\"font-family: inherit;\">\u201cktinka.com\u201d angeben.<\/span><\/div>\n<\/div>\n<\/div>\n<\/div>\n<\/div>\n","protected":false},"excerpt":{"rendered":"<p>POSTADRESSE&nbsp; ktinka \/&nbsp;Katharina Siekmann Engerstra\u00dfe 32 32120 Hiddenhausen ALLGEMEINES Verantwortlich gem\u00e4\u00df \u00a7 55 Abs. 2 RStV: Katharina Siekmann.&nbsp; Hier geht es zu den Datenschutzbestimmungen. Nutzung unserer eigenen Bilder: Immer mit Credit &amp; aktivem Link auf \u201cktinka.com\u201d angeben.<\/p>\n","protected":false},"author":1,"featured_media":0,"parent":0,"menu_order":0,"comment_status":"closed","ping_status":"closed","template":"","meta":{"footnotes":""},"_links":{"self":[{"href":"https:\/\/ktinka.com\/index.php?rest_route=\/wp\/v2\/pages\/44"}],"collection":[{"href":"https:\/\/ktinka.com\/index.php?rest_route=\/wp\/v2\/pages"}],"about":[{"href":"https:\/\/ktinka.com\/index.php?rest_route=\/wp\/v2\/types\/page"}],"author":[{"embeddable":true,"href":"https:\/\/ktinka.com\/index.php?rest_route=\/wp\/v2\/users\/1"}],"replies":[{"embeddable":true,"href":"https:\/\/ktinka.com\/index.php?rest_route=%2Fwp%2Fv2%2Fcomments&post=44"}],"version-history":[{"count":1,"href":"https:\/\/ktinka.com\/index.php?rest_route=\/wp\/v2\/pages\/44\/revisions"}],"predecessor-version":[{"id":119,"href":"https:\/\/ktinka.com\/index.php?rest_route=\/wp\/v2\/pages\/44\/revisions\/119"}],"wp:attachment":[{"href":"https:\/\/ktinka.com\/index.php?rest_route=%2Fwp%2Fv2%2Fmedia&parent=44"}],"curies":[{"name":"wp","href":"https:\/\/api.w.org\/{rel}","templated":true}]}}